{"id":16,"date":"2019-06-13T13:16:38","date_gmt":"2019-06-13T11:16:38","guid":{"rendered":"https:\/\/comfisgestscri.com\/?page_id=16"},"modified":"2019-06-24T13:58:21","modified_gmt":"2019-06-24T11:58:21","slug":"valeurs","status":"publish","type":"page","link":"https:\/\/comfisgestscri.com\/index.php\/valeurs\/","title":{"rendered":"Valeurs"},"content":{"rendered":"<p>[et_pb_section fb_built=\u00a0\u00bb1&Prime; next_background_color=\u00a0\u00bb#f4f4f4&Prime; _builder_version=\u00a0\u00bb3.24.1&Prime; background_image=\u00a0\u00bbhttp:\/\/comfisgestscri.com\/wp-content\/uploads\/2019\/06\/ruthson-zimmerman-233522-unsplash.jpg\u00a0\u00bb background_position=\u00a0\u00bbtop_left\u00a0\u00bb bottom_divider_style=\u00a0\u00bbslant2&Prime; bottom_divider_height=\u00a0\u00bb85px\u00a0\u00bb][et_pb_row _builder_version=\u00a0\u00bb3.25&Prime;][et_pb_column type=\u00a0\u00bb4_4&Prime; _builder_version=\u00a0\u00bb3.25&Prime; custom_padding=\u00a0\u00bb|||\u00a0\u00bb custom_padding__hover=\u00a0\u00bb|||\u00a0\u00bb][et_pb_text _builder_version=\u00a0\u00bb3.25.2&Prime; text_font=\u00a0\u00bb||||||||\u00a0\u00bb header_font=\u00a0\u00bb||||||||\u00a0\u00bb header_text_color=\u00a0\u00bb#ffffff\u00a0\u00bb header_font_size=\u00a0\u00bb80px\u00a0\u00bb header_text_shadow_style=\u00a0\u00bbpreset2&Prime; background_layout=\u00a0\u00bbdark\u00a0\u00bb hover_enabled=\u00a0\u00bb0&Prime; text_font_size_last_edited=\u00a0\u00bbon|desktop\u00a0\u00bb header_font_size_last_edited=\u00a0\u00bbon|phone\u00a0\u00bb header_font_size_phone=\u00a0\u00bb30px\u00a0\u00bb]<\/p>\n<h1 class=\"padd-1\" style=\"text-align: center;\"><strong>PHILOSOPHIE<\/strong><\/h1>\n<p>[\/et_pb_text][\/et_pb_column][\/et_pb_row][\/et_pb_section][et_pb_section fb_built=\u00a0\u00bb1&Prime; next_background_color=\u00a0\u00bb#ffffff\u00a0\u00bb _builder_version=\u00a0\u00bb3.24.1&Prime; background_color=\u00a0\u00bb#f4f4f4&Prime; custom_padding=\u00a0\u00bb22px||18px|||\u00a0\u00bb bottom_divider_style=\u00a0\u00bbslant2&Prime;][et_pb_row custom_padding=\u00a0\u00bb30px||93px|||\u00a0\u00bb _builder_version=\u00a0\u00bb3.25&Prime; column_structure=\u00a0\u00bb1_3,1_3,1_3&Prime;][et_pb_column type=\u00a0\u00bb1_3&Prime; _builder_version=\u00a0\u00bb3.25&Prime; custom_padding=\u00a0\u00bb|||\u00a0\u00bb custom_padding__hover=\u00a0\u00bb|||\u00a0\u00bb][et_pb_text _builder_version=\u00a0\u00bb3.24.1&Prime; header_font=\u00a0\u00bb||||||||\u00a0\u00bb header_6_font=\u00a0\u00bb||||||||\u00a0\u00bb header_6_text_color=\u00a0\u00bb#e09900&Prime; header_6_font_size=\u00a0\u00bb12px\u00a0\u00bb]<\/p>\n<h6 class=\"padd-1\" style=\"text-align: center;\"><strong>D\u00c9ONTOLOGIE<\/strong><\/h6>\n<p class=\"bot-3\" style=\"text-align: center;\">Le titre d\u2019expert-comptable est prot\u00e9g\u00e9 depuis la loi du 21 f\u00e9vrier 1985 relative \u00e0 la r\u00e9forme du r\u00e9visorat d\u2019entreprises. La nouvelle loi du 22 avril 1999 relative aux professions comptables et fiscales reprend les dispositions aff\u00e9rentes \u00e0 la loi du 21 f\u00e9vrier 1985 et les \u00e9tend au titre de conseil fiscal, elle pr\u00e9cise notamment deux obligations d\u00e9ontologiques qui s\u2019imposent aux membres de notre cabinet.<\/p>\n<p>[\/et_pb_text][\/et_pb_column][et_pb_column type=\u00a0\u00bb1_3&Prime; _builder_version=\u00a0\u00bb3.25&Prime; custom_padding=\u00a0\u00bb|||\u00a0\u00bb custom_padding__hover=\u00a0\u00bb|||\u00a0\u00bb][et_pb_text _builder_version=\u00a0\u00bb3.24.1&Prime; header_font=\u00a0\u00bb||||||||\u00a0\u00bb header_6_font=\u00a0\u00bb||||||||\u00a0\u00bb header_6_text_color=\u00a0\u00bb#e09900&Prime; header_6_font_size=\u00a0\u00bb12px\u00a0\u00bb]<\/p>\n<h6 style=\"text-align: center;\"><strong>FORMATION PROFESSIONNELLE PERMANENTE<\/strong><\/h6>\n<p class=\"bot-3\" style=\"text-align: center;\">L\u2019article 33 de l\u2019A.R. du 1er mars 1998 fixant le r\u00e8glement de d\u00e9ontologie aux comptables fiscalistes dispose que les membres doivent chaque ann\u00e9e consacrer un minimum d\u2019heures \u00e0 des activit\u00e9s qui contribuent \u00e0 l\u2019am\u00e9lioration de leurs connaissances professionnelles, conform\u00e9ment aux normes fix\u00e9es par le Conseil de l\u2019Institut.<\/p>\n<p>[\/et_pb_text][\/et_pb_column][et_pb_column type=\u00a0\u00bb1_3&Prime; _builder_version=\u00a0\u00bb3.25&Prime; custom_padding=\u00a0\u00bb|||\u00a0\u00bb custom_padding__hover=\u00a0\u00bb|||\u00a0\u00bb][et_pb_text _builder_version=\u00a0\u00bb3.24.1&Prime; header_font=\u00a0\u00bb||||||||\u00a0\u00bb header_6_font=\u00a0\u00bb||||||||\u00a0\u00bb header_6_text_color=\u00a0\u00bb#e09900&Prime; header_6_font_size=\u00a0\u00bb12px\u00a0\u00bb]<\/p>\n<h6 style=\"text-align: center;\"><strong>SECRET PROFESSIONNEL ET DEVOIR DE DISCRETION<\/strong><\/h6>\n<p class=\"bot-3\" style=\"text-align: center;\">Ce devoir de discr\u00e9tion comprend le secret de donn\u00e9es qui sont confi\u00e9es explicitement ou implicitement \u00e0 l\u2019expert-comptable et\/ou conseil fiscal en sa qualit\u00e9 d\u2019expert-comptable et\/ou de conseil fiscal, et de faits \u00e0 caract\u00e8re confidentiel qu\u2019il a constat\u00e9s lui-m\u00eame dans l\u2019exercice de sa profession.<\/p>\n<p>[\/et_pb_text][\/et_pb_column][\/et_pb_row][\/et_pb_section][et_pb_section fb_built=\u00a0\u00bb1&Prime; _builder_version=\u00a0\u00bb3.24.1&Prime; custom_padding=\u00a0\u00bb5px||22px|||\u00a0\u00bb][et_pb_row _builder_version=\u00a0\u00bb3.25&Prime;][et_pb_column type=\u00a0\u00bb4_4&Prime; _builder_version=\u00a0\u00bb3.25&Prime; custom_padding=\u00a0\u00bb|||\u00a0\u00bb custom_padding__hover=\u00a0\u00bb|||\u00a0\u00bb][et_pb_image src=\u00a0\u00bbhttp:\/\/comfisgestscri.com\/wp-content\/uploads\/2019\/06\/logo.png\u00a0\u00bb align=\u00a0\u00bbcenter\u00a0\u00bb _builder_version=\u00a0\u00bb3.24.1&Prime; custom_margin=\u00a0\u00bb-17px|||||\u00a0\u00bb][\/et_pb_image][et_pb_text _builder_version=\u00a0\u00bb3.24.1&Prime;]<\/p>\n<p class=\"bot-3\" style=\"text-align: center;\">Parce que vos march\u00e9s sont de plus en plus concurrentiels, parce que vos clients sont de plus en plus exigeants, parce que votre environnement l\u00e9gal est de plus en plus r\u00e9glement\u00e9 ; le recours \u00e0 un professionnel du chiffre, sp\u00e9cialis\u00e9 en r\u00e9flexion strat\u00e9gique et en audit de gestion d\u00e9termine directement le niveau de rentabilit\u00e9 (ou de performance) de votre entreprise.<\/p>\n<p class=\"bot-3\" style=\"text-align: center;\">Notre soci\u00e9t\u00e9 est une entreprise \u00e0 taille humaine qui au travers de sa sp\u00e9cialisation, met \u00e0 votre disposition un savoir-faire ax\u00e9 sur la valeur ajout\u00e9e des prestations r\u00e9alis\u00e9es.<\/p>\n<p class=\"bot-3\" style=\"text-align: center;\">Nos comp\u00e9tences sont d\u00e9velopp\u00e9es autour des valeurs qui nous animent : passion de votre m\u00e9tier, professionnalisme, partenariat, enthousiasme, mais aussi&#8230;<\/p>\n<p class=\"bot-3\" style=\"text-align: center;\">Ce savoir faire se d\u00e9cline autour d\u2019un \u00e9ventail de services : \u00e9tude et analyse, conduite de projet, formation, mise en place de tableau de bord, supervision de la tenue de la comptabilit\u00e9, optimalisation de vos d\u00e9clarations fiscales.<\/p>\n<p>[\/et_pb_text][\/et_pb_column][\/et_pb_row][\/et_pb_section]<\/p>\n","protected":false},"excerpt":{"rendered":"<p>PHILOSOPHIE D\u00c9ONTOLOGIE Le titre d\u2019expert-comptable est prot\u00e9g\u00e9 depuis la loi du 21 f\u00e9vrier 1985 relative \u00e0 la r\u00e9forme du r\u00e9visorat d\u2019entreprises. La nouvelle loi du 22 avril 1999 relative aux professions comptables et fiscales reprend les dispositions aff\u00e9rentes \u00e0 la loi du 21 f\u00e9vrier 1985 et les \u00e9tend au titre de conseil fiscal, elle pr\u00e9cise [&hellip;]<\/p>\n","protected":false},"author":1,"featured_media":0,"parent":0,"menu_order":0,"comment_status":"closed","ping_status":"closed","template":"","meta":{"_et_pb_use_builder":"on","_et_pb_old_content":"<!-- wp:divi\/placeholder \/-->","_et_gb_content_width":"","footnotes":""},"class_list":["post-16","page","type-page","status-publish","hentry"],"_links":{"self":[{"href":"https:\/\/comfisgestscri.com\/index.php\/wp-json\/wp\/v2\/pages\/16","targetHints":{"allow":["GET"]}}],"collection":[{"href":"https:\/\/comfisgestscri.com\/index.php\/wp-json\/wp\/v2\/pages"}],"about":[{"href":"https:\/\/comfisgestscri.com\/index.php\/wp-json\/wp\/v2\/types\/page"}],"author":[{"embeddable":true,"href":"https:\/\/comfisgestscri.com\/index.php\/wp-json\/wp\/v2\/users\/1"}],"replies":[{"embeddable":true,"href":"https:\/\/comfisgestscri.com\/index.php\/wp-json\/wp\/v2\/comments?post=16"}],"version-history":[{"count":4,"href":"https:\/\/comfisgestscri.com\/index.php\/wp-json\/wp\/v2\/pages\/16\/revisions"}],"predecessor-version":[{"id":118,"href":"https:\/\/comfisgestscri.com\/index.php\/wp-json\/wp\/v2\/pages\/16\/revisions\/118"}],"wp:attachment":[{"href":"https:\/\/comfisgestscri.com\/index.php\/wp-json\/wp\/v2\/media?parent=16"}],"curies":[{"name":"wp","href":"https:\/\/api.w.org\/{rel}","templated":true}]}}