{"id":18,"date":"2019-06-13T13:16:47","date_gmt":"2019-06-13T11:16:47","guid":{"rendered":"https:\/\/comfisgestscri.com\/?page_id=18"},"modified":"2019-06-24T13:58:57","modified_gmt":"2019-06-24T11:58:57","slug":"services","status":"publish","type":"page","link":"https:\/\/comfisgestscri.com\/index.php\/services\/","title":{"rendered":"Services"},"content":{"rendered":"<p>[et_pb_section fb_built=\u00a0\u00bb1&Prime; next_background_color=\u00a0\u00bb#f4f4f4&Prime; _builder_version=\u00a0\u00bb3.24.1&Prime; background_image=\u00a0\u00bbhttp:\/\/comfisgestscri.com\/wp-content\/uploads\/2019\/06\/sebastian-herrmann-1362156-unsplash.jpg\u00a0\u00bb background_position=\u00a0\u00bbcenter_right\u00a0\u00bb bottom_divider_style=\u00a0\u00bbslant2&Prime; bottom_divider_height=\u00a0\u00bb85px\u00a0\u00bb][et_pb_row _builder_version=\u00a0\u00bb3.25&Prime;][et_pb_column type=\u00a0\u00bb4_4&Prime; _builder_version=\u00a0\u00bb3.25&Prime; custom_padding=\u00a0\u00bb|||\u00a0\u00bb custom_padding__hover=\u00a0\u00bb|||\u00a0\u00bb][et_pb_text _builder_version=\u00a0\u00bb3.25.2&Prime; text_font=\u00a0\u00bb||||||||\u00a0\u00bb header_font=\u00a0\u00bb||||||||\u00a0\u00bb header_text_color=\u00a0\u00bb#ffffff\u00a0\u00bb header_font_size=\u00a0\u00bb90px\u00a0\u00bb header_text_shadow_style=\u00a0\u00bbpreset2&Prime; background_layout=\u00a0\u00bbdark\u00a0\u00bb hover_enabled=\u00a0\u00bb0&Prime; text_font_size_last_edited=\u00a0\u00bbon|desktop\u00a0\u00bb header_font_size_last_edited=\u00a0\u00bbon|phone\u00a0\u00bb header_font_size_phone=\u00a0\u00bb30px\u00a0\u00bb]<\/p>\n<h1 class=\"padd-1\" style=\"text-align: center;\"><b>SERVICES<\/b><\/h1>\n<p>[\/et_pb_text][\/et_pb_column][\/et_pb_row][\/et_pb_section][et_pb_section fb_built=\u00a0\u00bb1&Prime; next_background_color=\u00a0\u00bb#ffffff\u00a0\u00bb _builder_version=\u00a0\u00bb3.24.1&Prime; background_color=\u00a0\u00bb#f4f4f4&Prime; custom_padding=\u00a0\u00bb22px||18px|||\u00a0\u00bb bottom_divider_style=\u00a0\u00bbslant2&Prime;][et_pb_row use_custom_gutter=\u00a0\u00bbon\u00a0\u00bb gutter_width=\u00a0\u00bb2&Prime; custom_padding=\u00a0\u00bb30px||93px|||\u00a0\u00bb make_equal=\u00a0\u00bbon\u00a0\u00bb _builder_version=\u00a0\u00bb3.25&Prime; width=\u00a0\u00bb100%\u00a0\u00bb column_structure=\u00a0\u00bb1_5,1_5,1_5,1_5,1_5&Prime;][et_pb_column type=\u00a0\u00bb1_5&Prime; _builder_version=\u00a0\u00bb3.25&Prime; custom_padding=\u00a0\u00bb|||\u00a0\u00bb custom_padding__hover=\u00a0\u00bb|||\u00a0\u00bb][et_pb_text _builder_version=\u00a0\u00bb3.24.1&Prime; header_font=\u00a0\u00bb||||||||\u00a0\u00bb header_6_font=\u00a0\u00bb||||||||\u00a0\u00bb header_6_text_color=\u00a0\u00bb#e09900&Prime; header_6_font_size=\u00a0\u00bb12px\u00a0\u00bb]<\/p>\n<h6 class=\"padd-1\" style=\"text-align: center;\"><strong>CONSTITUTION DE SOCI\u00c9T\u00c9S<\/strong><\/h6>\n<p style=\"text-align: center;\">Conseils pour l\u2019\u00e9laboration des statuts en partenariat avec votre Notaire;<\/p>\n<p style=\"text-align: center;\">Etablissement du plan financier<\/p>\n<p>[\/et_pb_text][\/et_pb_column][et_pb_column type=\u00a0\u00bb1_5&Prime; _builder_version=\u00a0\u00bb3.25&Prime; custom_padding=\u00a0\u00bb|||\u00a0\u00bb custom_padding__hover=\u00a0\u00bb|||\u00a0\u00bb][et_pb_text _builder_version=\u00a0\u00bb3.24.1&Prime; header_font=\u00a0\u00bb||||||||\u00a0\u00bb header_6_font=\u00a0\u00bb||||||||\u00a0\u00bb header_6_text_color=\u00a0\u00bb#e09900&Prime; header_6_font_size=\u00a0\u00bb12px\u00a0\u00bb]<\/p>\n<h6 style=\"text-align: center;\"><strong>ETUDE DE FAISABILIT\u00c9 DE PROJETS<\/strong><\/h6>\n<p style=\"text-align: center;\">Etudes des besoins (personnel, investissements, autorisations,..)<\/p>\n<p style=\"text-align: center;\">Simulations financi\u00e8res<\/p>\n<p>[\/et_pb_text][\/et_pb_column][et_pb_column type=\u00a0\u00bb1_5&Prime; _builder_version=\u00a0\u00bb3.25&Prime; custom_padding=\u00a0\u00bb|||\u00a0\u00bb custom_padding__hover=\u00a0\u00bb|||\u00a0\u00bb][et_pb_text _builder_version=\u00a0\u00bb3.24.1&Prime; header_font=\u00a0\u00bb||||||||\u00a0\u00bb header_6_font=\u00a0\u00bb||||||||\u00a0\u00bb header_6_text_color=\u00a0\u00bb#e09900&Prime; header_6_font_size=\u00a0\u00bb12px\u00a0\u00bb custom_padding=\u00a0\u00bb0px|||||\u00a0\u00bb]<\/p>\n<h6 style=\"text-align: center;\"><strong>FINANCEMENTS ET OBTENTION DE SUBSIDES<\/strong><\/h6>\n<p style=\"text-align: center;\">Elaboration des dossiers<\/p>\n<p style=\"text-align: center;\">Suivi des dossiers de subventions publiques<\/p>\n<p>[\/et_pb_text][\/et_pb_column][et_pb_column type=\u00a0\u00bb1_5&Prime; _builder_version=\u00a0\u00bb3.25&Prime; custom_padding=\u00a0\u00bb|||\u00a0\u00bb custom_padding__hover=\u00a0\u00bb|||\u00a0\u00bb][et_pb_text _builder_version=\u00a0\u00bb3.24.1&Prime; header_font=\u00a0\u00bb||||||||\u00a0\u00bb header_6_font=\u00a0\u00bb||||||||\u00a0\u00bb header_6_text_color=\u00a0\u00bb#e09900&Prime; header_6_font_size=\u00a0\u00bb12px\u00a0\u00bb]<\/p>\n<h6 class=\"padd-1\" style=\"text-align: center;\"><strong>ORGANISATION ADMINISTRATIVE ET COMPTABLE<\/strong><\/h6>\n<p style=\"text-align: center;\">Am\u00e9lioration du contr\u00f4le de gestion (pr\u00e9servation du patrimoine et am\u00e9lioration des performances)<\/p>\n<p style=\"text-align: center;\">Elaboration de la comptabilit\u00e9 analytique<\/p>\n<p>[\/et_pb_text][\/et_pb_column][et_pb_column type=\u00a0\u00bb1_5&Prime; _builder_version=\u00a0\u00bb3.25&Prime; custom_padding=\u00a0\u00bb|||\u00a0\u00bb custom_padding__hover=\u00a0\u00bb|||\u00a0\u00bb][et_pb_text _builder_version=\u00a0\u00bb3.24.1&Prime; header_font=\u00a0\u00bb||||||||\u00a0\u00bb header_6_font=\u00a0\u00bb||||||||\u00a0\u00bb header_6_text_color=\u00a0\u00bb#e09900&Prime; header_6_font_size=\u00a0\u00bb12px\u00a0\u00bb]<\/p>\n<h6 class=\"padd-1\" style=\"text-align: center;\"><strong>SUIVI ADMINISTRATIF, FINANCIER ET BUDG\u00c9TAIRE<\/strong><\/h6>\n<p style=\"text-align: center;\">Conformit\u00e9 juridique de votre activit\u00e9 aux diff\u00e9rentes r\u00e9glementations<\/p>\n<p style=\"text-align: center;\">Elaboration des budgets<\/p>\n<p style=\"text-align: center;\">Contr\u00f4le budg\u00e9taire<\/p>\n<p>[\/et_pb_text][\/et_pb_column][\/et_pb_row][\/et_pb_section]<\/p>\n","protected":false},"excerpt":{"rendered":"<p>SERVICES CONSTITUTION DE SOCI\u00c9T\u00c9S Conseils pour l\u2019\u00e9laboration des statuts en partenariat avec votre Notaire; Etablissement du plan financierETUDE DE FAISABILIT\u00c9 DE PROJETS Etudes des besoins (personnel, investissements, autorisations,..) Simulations financi\u00e8resFINANCEMENTS ET OBTENTION DE SUBSIDES Elaboration des dossiers Suivi des dossiers de subventions publiquesORGANISATION ADMINISTRATIVE ET COMPTABLE Am\u00e9lioration du contr\u00f4le de gestion (pr\u00e9servation du patrimoine et [&hellip;]<\/p>\n","protected":false},"author":1,"featured_media":0,"parent":0,"menu_order":0,"comment_status":"closed","ping_status":"closed","template":"","meta":{"_et_pb_use_builder":"on","_et_pb_old_content":"<!-- wp:divi\/placeholder \/-->","_et_gb_content_width":"","footnotes":""},"class_list":["post-18","page","type-page","status-publish","hentry"],"_links":{"self":[{"href":"https:\/\/comfisgestscri.com\/index.php\/wp-json\/wp\/v2\/pages\/18","targetHints":{"allow":["GET"]}}],"collection":[{"href":"https:\/\/comfisgestscri.com\/index.php\/wp-json\/wp\/v2\/pages"}],"about":[{"href":"https:\/\/comfisgestscri.com\/index.php\/wp-json\/wp\/v2\/types\/page"}],"author":[{"embeddable":true,"href":"https:\/\/comfisgestscri.com\/index.php\/wp-json\/wp\/v2\/users\/1"}],"replies":[{"embeddable":true,"href":"https:\/\/comfisgestscri.com\/index.php\/wp-json\/wp\/v2\/comments?post=18"}],"version-history":[{"count":4,"href":"https:\/\/comfisgestscri.com\/index.php\/wp-json\/wp\/v2\/pages\/18\/revisions"}],"predecessor-version":[{"id":120,"href":"https:\/\/comfisgestscri.com\/index.php\/wp-json\/wp\/v2\/pages\/18\/revisions\/120"}],"wp:attachment":[{"href":"https:\/\/comfisgestscri.com\/index.php\/wp-json\/wp\/v2\/media?parent=18"}],"curies":[{"name":"wp","href":"https:\/\/api.w.org\/{rel}","templated":true}]}}