{"id":22,"date":"2019-06-13T13:17:12","date_gmt":"2019-06-13T11:17:12","guid":{"rendered":"https:\/\/comfisgestscri.com\/?page_id=22"},"modified":"2021-01-07T01:26:13","modified_gmt":"2021-01-07T00:26:13","slug":"partenaires","status":"publish","type":"page","link":"https:\/\/comfisgestscri.com\/index.php\/partenaires\/","title":{"rendered":"Partenaires"},"content":{"rendered":"<p>[et_pb_section fb_built=\u00a0\u00bb1&Prime; next_background_color=\u00a0\u00bb#f4f4f4&Prime; _builder_version=\u00a0\u00bb3.25.2&Prime; background_image=\u00a0\u00bbhttp:\/\/comfisgestscri.com\/wp-content\/uploads\/2019\/08\/thomas-drouault-IBUcu_9vXJc-unsplash.jpg\u00a0\u00bb transform_translate_linked=\u00a0\u00bboff\u00a0\u00bb custom_margin=\u00a0\u00bb0px||0px|||\u00a0\u00bb custom_padding=\u00a0\u00bb||124px|||\u00a0\u00bb bottom_divider_style=\u00a0\u00bbslant2&Prime; bottom_divider_height=\u00a0\u00bb85px\u00a0\u00bb][et_pb_row _builder_version=\u00a0\u00bb3.25&Prime;][et_pb_column type=\u00a0\u00bb4_4&Prime; _builder_version=\u00a0\u00bb3.25&Prime; custom_padding=\u00a0\u00bb|||\u00a0\u00bb custom_padding__hover=\u00a0\u00bb|||\u00a0\u00bb][et_pb_text _builder_version=\u00a0\u00bb3.25.2&Prime; text_font=\u00a0\u00bb||||||||\u00a0\u00bb header_font=\u00a0\u00bb||||||||\u00a0\u00bb header_text_color=\u00a0\u00bb#ffffff\u00a0\u00bb header_font_size=\u00a0\u00bb80px\u00a0\u00bb header_text_shadow_style=\u00a0\u00bbpreset2&Prime; background_layout=\u00a0\u00bbdark\u00a0\u00bb min_height=\u00a0\u00bb65px\u00a0\u00bb custom_padding=\u00a0\u00bb19px|||||\u00a0\u00bb text_font_size_last_edited=\u00a0\u00bbon|desktop\u00a0\u00bb header_font_size_tablet=\u00a0\u00bb80px\u00a0\u00bb header_font_size_phone=\u00a0\u00bb25px\u00a0\u00bb header_font_size_last_edited=\u00a0\u00bbon|tablet\u00a0\u00bb]<\/p>\n<h1 class=\"padd-1\" style=\"text-align: center;\"><strong>PARTENAIRES<\/strong><\/h1>\n<p>[\/et_pb_text][\/et_pb_column][\/et_pb_row][\/et_pb_section][et_pb_section fb_built=\u00a0\u00bb1&Prime; next_background_color=\u00a0\u00bb#ffffff\u00a0\u00bb _builder_version=\u00a0\u00bb3.24.1&Prime; background_color=\u00a0\u00bb#f4f4f4&Prime; custom_margin=\u00a0\u00bb-20px|||||\u00a0\u00bb custom_padding=\u00a0\u00bb22px||18px|||\u00a0\u00bb bottom_divider_style=\u00a0\u00bbslant2&Prime;][et_pb_row column_structure=\u00a0\u00bb3_5,2_5&Prime; _builder_version=\u00a0\u00bb3.25&Prime; custom_margin=\u00a0\u00bb|auto|96px|auto||\u00a0\u00bb custom_padding=\u00a0\u00bb26px||4px|||\u00a0\u00bb][et_pb_column type=\u00a0\u00bb3_5&Prime; _builder_version=\u00a0\u00bb3.25&Prime; custom_padding=\u00a0\u00bb|||\u00a0\u00bb custom_padding__hover=\u00a0\u00bb|||\u00a0\u00bb][et_pb_text _builder_version=\u00a0\u00bb3.25.2&Prime; custom_padding=\u00a0\u00bb|46px||||\u00a0\u00bb]<\/p>\n<h2 class=\"padd-1\">NOS PARTENAIRES<\/h2>\n<p class=\"bot-3\">Soucieux de vous offrir le meilleur service, nous avons \u00e9tabli de nombreuses collaborations dans des domaines compl\u00e9mentaires aux n\u00f4tres.<\/p>\n<p>Nous travaillons entre autres avec :<\/p>\n<div class=\"grid_13\">\n<ul class=\"list\">\n<li><span><\/span><span style=\"color: #ff6600;\"><a href=\"http:\/\/comfisgest.be\/index-4.html#\" style=\"color: #ff6600;\">des secr\u00e9tariats sociaux agr\u00e9\u00e9s,<\/a><\/span><\/li>\n<li><span style=\"color: #ff6600;\"><a href=\"http:\/\/comfisgest.be\/index-4.html#\" style=\"color: #ff6600;\">des guichets d\u2019entreprises,<\/a><\/span><\/li>\n<li><span style=\"color: #ff6600;\"><a href=\"http:\/\/comfisgest.be\/index-4.html#\" style=\"color: #ff6600;\">des soci\u00e9t\u00e9s informatiques,<\/a><\/span><\/li>\n<li><span style=\"color: #ff6600;\"><a href=\"http:\/\/comfisgest.be\/index-4.html#\" style=\"color: #ff6600;\">des notaires,<\/a><\/span><\/li>\n<li><span style=\"color: #ff6600;\"><a href=\"http:\/\/comfisgest.be\/index-4.html#\" style=\"color: #ff6600;\">des r\u00e9viseurs d\u2019entreprises,<\/a><\/span><\/li>\n<li><span style=\"color: #ff6600;\"><a href=\"http:\/\/comfisgest.be\/index-4.html#\" style=\"color: #ff6600;\">des \u00e9tablissements financiers,<\/a><\/span><\/li>\n<li><span style=\"color: #ff6600;\"><a href=\"http:\/\/comfisgest.be\/index-4.html#\" style=\"color: #ff6600;\">des soci\u00e9t\u00e9s de conseil de gestion des ressources humaines,<\/a><\/span><\/li>\n<li><span style=\"color: #ff6600;\"><a href=\"http:\/\/comfisgest.be\/index-4.html#\" style=\"color: #ff6600;\">des structures d\u2019aide et d\u2019appui \u00e0 la cr\u00e9ation d\u2019entreprise,<\/a><\/span><\/li>\n<\/ul>\n<\/div>\n<p class=\"bot-3\">Les partenaires que nous vous proposons le cas \u00e9ch\u00e9ant en fonction de vos besoins ont \u00e9t\u00e9 s\u00e9lectionn\u00e9s avec soin et sur base de nos exp\u00e9riences r\u00e9ciproques. Ceux-ci nous ont d\u00e9montr\u00e9 partager les m\u00eames valeurs et crit\u00e8res quant \u00e0 nos standards de service \u00e0 la client\u00e8le.<\/p>\n<p>[\/et_pb_text][\/et_pb_column][et_pb_column type=\u00a0\u00bb2_5&Prime; _builder_version=\u00a0\u00bb3.25&Prime; custom_padding=\u00a0\u00bb|||\u00a0\u00bb custom_padding__hover=\u00a0\u00bb|||\u00a0\u00bb][et_pb_text _builder_version=\u00a0\u00bb3.25.2&Prime; border_color_all=\u00a0\u00bb#e09900&Prime; border_style_all=\u00a0\u00bbdotted\u00a0\u00bb custom_margin=\u00a0\u00bb||18px|||\u00a0\u00bb custom_padding=\u00a0\u00bb10px|10px|10px|10px|true|true\u00a0\u00bb]<\/p>\n<h4>VOUS AVEZ VOS PROPRES CONTACTS ?<\/h4>\n<p class=\"bot-3\" style=\"text-align: justify;\">Qu\u2019\u00e0 cela ne tienne, nous n\u2019imposons nullement nos partenaires et nous nous adaptons \u00e0 vos relations historiques.<\/p>\n<p class=\"bot-3\" style=\"text-align: justify;\">Dans tous les cas de figure, notre mission est d\u2019\u00eatre votre point de contact privil\u00e9gi\u00e9 afin de coordonner l\u2019ensemble de vos projets. Notre objectif est de vous \u00e9viter une perte de temps et d\u2019\u00e9nergie dans la coordination et les contacts avec ceux-ci et ce, afin que vous puissiez maintenir votre concentration et votre investissement personnel sur le d\u00e9veloppement des activit\u00e9s qui sont les v\u00f4tres.<\/p>\n<h4 style=\"text-align: justify;\">VOUS VOULEZ DEVENIR PARTENAIRE ?<\/h4>\n<p class=\"bot-3\" style=\"text-align: justify;\">N\u2019h\u00e9sitez pas \u00e0 nous contacter afin que nous puissions fixer un premier rendez-vous.<\/p>\n<p>[\/et_pb_text][et_pb_image src=\u00a0\u00bbhttp:\/\/comfisgestscri.com\/wp-content\/uploads\/2019\/06\/nik-macmillan-280300-unsplash.jpg\u00a0\u00bb _builder_version=\u00a0\u00bb3.25.2&Prime; border_radii=\u00a0\u00bbon|8px|8px|8px|8px\u00a0\u00bb][\/et_pb_image][\/et_pb_column][\/et_pb_row][\/et_pb_section]<\/p>\n","protected":false},"excerpt":{"rendered":"<p>PARTENAIRESNOS PARTENAIRES Soucieux de vous offrir le meilleur service, nous avons \u00e9tabli de nombreuses collaborations dans des domaines compl\u00e9mentaires aux n\u00f4tres. Nous travaillons entre autres avec : des secr\u00e9tariats sociaux agr\u00e9\u00e9s, des guichets d\u2019entreprises, des soci\u00e9t\u00e9s informatiques, des notaires, des r\u00e9viseurs d\u2019entreprises, des \u00e9tablissements financiers, des soci\u00e9t\u00e9s de conseil de gestion des ressources humaines, des [&hellip;]<\/p>\n","protected":false},"author":1,"featured_media":0,"parent":0,"menu_order":0,"comment_status":"closed","ping_status":"closed","template":"","meta":{"_et_pb_use_builder":"on","_et_pb_old_content":"<!-- wp:divi\/placeholder \/-->","_et_gb_content_width":"","footnotes":""},"class_list":["post-22","page","type-page","status-publish","hentry"],"_links":{"self":[{"href":"https:\/\/comfisgestscri.com\/index.php\/wp-json\/wp\/v2\/pages\/22","targetHints":{"allow":["GET"]}}],"collection":[{"href":"https:\/\/comfisgestscri.com\/index.php\/wp-json\/wp\/v2\/pages"}],"about":[{"href":"https:\/\/comfisgestscri.com\/index.php\/wp-json\/wp\/v2\/types\/page"}],"author":[{"embeddable":true,"href":"https:\/\/comfisgestscri.com\/index.php\/wp-json\/wp\/v2\/users\/1"}],"replies":[{"embeddable":true,"href":"https:\/\/comfisgestscri.com\/index.php\/wp-json\/wp\/v2\/comments?post=22"}],"version-history":[{"count":8,"href":"https:\/\/comfisgestscri.com\/index.php\/wp-json\/wp\/v2\/pages\/22\/revisions"}],"predecessor-version":[{"id":157,"href":"https:\/\/comfisgestscri.com\/index.php\/wp-json\/wp\/v2\/pages\/22\/revisions\/157"}],"wp:attachment":[{"href":"https:\/\/comfisgestscri.com\/index.php\/wp-json\/wp\/v2\/media?parent=22"}],"curies":[{"name":"wp","href":"https:\/\/api.w.org\/{rel}","templated":true}]}}